{"id":20821,"date":"2021-03-16T11:26:49","date_gmt":"2021-03-16T10:26:49","guid":{"rendered":"https:\/\/arkosoft.it\/blog\/?page_id=20821"},"modified":"2021-09-22T11:20:20","modified_gmt":"2021-09-22T09:20:20","slug":"chi-siamo","status":"publish","type":"page","link":"https:\/\/arkosoft.it\/blog\/chi-siamo\/","title":{"rendered":"Chi siamo"},"content":{"rendered":"\n<p>L&#8217;azienda Arkosoft \u00e8 stata acquisita dalla neonata software house<a href=\"http:\/\/8byte.it\/\"> <strong>8byte <\/strong><\/a>di Stefano Basile. 8byte \u00e8 un&#8217;azienda specializzata nella progettazione e sviluppo di software che si \u00e8 servita di tecnologie moderne per fornire ai suoi clienti:<\/p>\n\n\n\n<ul class=\"wp-block-list\"><li>ottimizzazione dei processi produttivi <\/li><li>incremento delle vendite<\/li><\/ul>\n\n\n\n<p>8byte vanta di un team qualificato di progettisti e sviluppatori che hanno dato forma a diversi progetti divenuti veri e propri standard per il settore di riferimento. <\/p>\n\n\n\n<p><a href=\"http:\/\/8byte.it\/\"><strong>Visita il sito ufficiale di 8byte<\/strong><\/a><\/p>\n\n\n\n<h2 class=\"wp-block-heading\">I nostri prodotti <\/h2>\n\n\n\n<p><strong>Due sono i prodotti fiore all&#8217;occhiello della nostra realt\u00e0 aziendale:<\/strong><\/p>\n\n\n\n<p><a href=\"https:\/\/arkosoft.it\/software-per-ristoranti.html\">Ristomanager &#8211; Gestionale di ristorante <\/a><\/p>\n\n\n\n<figure class=\"wp-block-image size-large\"><img loading=\"lazy\" decoding=\"async\" width=\"1024\" height=\"169\" src=\"https:\/\/arkosoft.it\/blog\/wp-content\/uploads\/2021\/09\/image-2-1024x169.png\" alt=\"\" class=\"wp-image-20905\" srcset=\"https:\/\/arkosoft.it\/blog\/wp-content\/uploads\/2021\/09\/image-2-1024x169.png 1024w, https:\/\/arkosoft.it\/blog\/wp-content\/uploads\/2021\/09\/image-2-300x50.png 300w, https:\/\/arkosoft.it\/blog\/wp-content\/uploads\/2021\/09\/image-2-768x127.png 768w, https:\/\/arkosoft.it\/blog\/wp-content\/uploads\/2021\/09\/image-2.png 1198w\" sizes=\"auto, (max-width: 1024px) 100vw, 1024px\" \/><\/figure>\n\n\n\n<p><strong>Ristomanager <\/strong>\u00e8 un software gestionale utile per gestire le comande ristorante. Si tratta di un programma semplice, caratterizzato da un&#8217;interfaccia grafica semplice e pulita. Diverse funzionalit\u00e0 sono offerte da questo programma, grazie al quale \u00e8 possibile monitorare l&#8217;attivit\u00e0 di ciascun ristorante in qualsiasi momento. Si potr\u00e0 gestire il magazzino catalogando prodotti, fornendo informazioni sulle operazioni di stoccaggio merce e gestendo l&#8217;attivit\u00e0 dei tavoli. In pi\u00f9 \u00e8 possibile far riferimento ad un modulo di fatturazione elettronica che consentir\u00e0 di creare, modificare e stampare questi documenti in modo facile e veloce.<\/p>\n\n\n\n<p><a href=\"https:\/\/arkosoft.it\/software-di-gestione-magazzino.html\">Softshop &#8211; Gestionale di magazzino <\/a><\/p>\n\n\n\n<div class=\"wp-block-image\"><figure class=\"aligncenter size-full\"><img loading=\"lazy\" decoding=\"async\" width=\"810\" height=\"451\" src=\"https:\/\/arkosoft.it\/blog\/wp-content\/uploads\/2021\/09\/image-3.png\" alt=\"\" class=\"wp-image-20906\" srcset=\"https:\/\/arkosoft.it\/blog\/wp-content\/uploads\/2021\/09\/image-3.png 810w, https:\/\/arkosoft.it\/blog\/wp-content\/uploads\/2021\/09\/image-3-300x167.png 300w, https:\/\/arkosoft.it\/blog\/wp-content\/uploads\/2021\/09\/image-3-768x428.png 768w\" sizes=\"auto, (max-width: 810px) 100vw, 810px\" \/><\/figure><\/div>\n\n\n\n<p><strong>Softshop <\/strong>\u00e8 un programma per la gestione di magazzino, utile per l&#8217;ottimizzazione delle attivit\u00e0 di realt\u00e0 aziendali o commerciali. Si tratta di un software pensato per aiutare i clienti a gestire in modo facile e veloce il proprio magazzino fornendo diverse opportunit\u00e0 d&#8217;azione, dalla gestione interna del magazzino vero e proprio sino alla creazione di un magazzino virtuale. In pi\u00f9 grazie alle pratiche schede clienti \u00e8 possibile tener traccia dei propri contatti nonch\u00e9 organizzare un magazzino online su misura all&#8217;interno del quale inserire i prodotti che si vogliono mettere in vendita. <\/p>\n\n\n\n<p><strong><em>Ma non <\/em>\u00e8 <em>finita qui&#8230;<\/em><\/strong><\/p>\n\n\n\n<p><a href=\"https:\/\/arkosoft.it\/software-di-sms-marketing.html\">Gestione messaggi<\/a><\/p>\n\n\n\n<div class=\"wp-block-image\"><figure class=\"aligncenter size-large is-resized\"><img loading=\"lazy\" decoding=\"async\" src=\"https:\/\/arkosoft.it\/blog\/wp-content\/uploads\/2021\/03\/image.png\" alt=\"arkosoft\" class=\"wp-image-20822\" width=\"626\" height=\"309\" srcset=\"https:\/\/arkosoft.it\/blog\/wp-content\/uploads\/2021\/03\/image.png 776w, https:\/\/arkosoft.it\/blog\/wp-content\/uploads\/2021\/03\/image-300x148.png 300w, https:\/\/arkosoft.it\/blog\/wp-content\/uploads\/2021\/03\/image-768x379.png 768w\" sizes=\"auto, (max-width: 626px) 100vw, 626px\" \/><\/figure><\/div>\n\n\n\n<p><strong>Gestione messaggi<\/strong> \u00e8 un innovativo programma grazie al quale \u00e8 possibile raggiungere tutti i clienti mediante un sistema di messaggistica ed e-mail. Si potranno inviare campagne di e-mail marketing, sms illimitati, creare campagne pubblicitarie personalizzate in base agli interessi e alle necessit\u00e0 dei vari clienti ed analizzare statistiche dettagliate della propria attivit\u00e0. <\/p>\n\n\n\n<p><a href=\"https:\/\/arkosoft.it\/spazio-web.html\">SecurityHost &#8211; Servizio di hosting dedicato<\/a><\/p>\n\n\n\n<div class=\"wp-block-image\"><figure class=\"aligncenter size-large is-resized\"><img loading=\"lazy\" decoding=\"async\" src=\"https:\/\/arkosoft.it\/blog\/wp-content\/uploads\/2021\/03\/image-2.png\" alt=\"arkosoft\" class=\"wp-image-20824\" width=\"616\" height=\"359\" srcset=\"https:\/\/arkosoft.it\/blog\/wp-content\/uploads\/2021\/03\/image-2.png 758w, https:\/\/arkosoft.it\/blog\/wp-content\/uploads\/2021\/03\/image-2-300x175.png 300w\" sizes=\"auto, (max-width: 616px) 100vw, 616px\" \/><\/figure><\/div>\n\n\n\n<p><strong>SecurityHost<\/strong> \u00e8 una piattaforma di web hosting capace di offrire supporto professionale a qualsiasi startup. Grazie a questo semplice programma potrai realizzare un sito web dall&#8217;altissimo profilo potendo scegliere tra diversi piani. In questo modo sar\u00e0 possibile scegliere il servizio di hosting che pi\u00f9 fa al caso tuo.<\/p>\n\n\n\n<h2 class=\"wp-block-heading\">Plus Aziendali 8byte<\/h2>\n\n\n\n<p>La nostra azienda \u00e8 caratterizzata dall&#8217;incontro sinergico di diverse realt\u00e0. Quali sono gli elementi che contraddistinguono 8byte? <\/p>\n\n\n\n<ul class=\"wp-block-list\"><li><strong>Software su misura<\/strong>: Ogni software house dovrebbe essere in grado di offrire ai propri clienti un simile servizio. Progettare un software su misura potrebbe sembrare banale ma in realt\u00e0 \u00e8 prerogativa di un&#8217;azienda che opera in questo settore. Noi di 8byte abbiamo sempre avuto una visione a lungo raggio. Il nostro obiettivo non \u00e8 solo soddisfare le esigenze del cliente proponendogli un prodotto funzionale e di qualit\u00e0, ma anche prenderci cura delle richieste dell&#8217;hardware. Per questo motivo ci piace utilizzare la terminologia &#8220;software su misura&#8221;, poich\u00e9 possiamo realizzare dei progetti per diverse tipologie di\u00a0macchine, come Linux, Mac o altre.<\/li><li><strong>Software su mobile android o iOS<\/strong>: 8byte inoltre cerca di andare di pari passo con i trend del momento, provando cos\u00ec a fornire validi supporti tecnologici in grado di creare possibilit\u00e0 di comunicazione attraverso ciascun tipo di dispositivo mobile. Si potr\u00e0 infatti godere delle funzionalit\u00e0 dei prodotti 8byte anche servendosi di dispositivi smartphone Android o iOS. <\/li><li><strong>Design pulito e immediato<\/strong>: Una caratteristica che differenzia 8bytesta nel fatto che ciascun prodotto \u00e8 dotato di un design semplice e pulito. La comunicazione visiva \u00e8 fondamentale, e per questo motivo, noi di 8byte ci preoccupiamo affinch\u00e9 ogni nostro prodotto sia dotato di un&#8217;interfaccia grafica attraente ma semplice. <\/li><li><strong>Connettivit\u00e0 senza limiti<\/strong>: I prodotti 8byte forniscono anche un ulteriore vantaggio alla clientela. I software realizzati da questa azienda funzionano anche in assenza di connessione di rete. Nessun dato andr\u00e0 perso e le funzionalit\u00e0 tipiche di questi prodotti continuano a soddisfare anche in condizioni difficili. <\/li><\/ul>\n\n\n\n<h2 class=\"wp-block-heading\">Il nostro team <\/h2>\n\n\n\n<p>Il mondo 8byte si forma a partire dall&#8217;esperienza di diverse figure professionali che operano nel settore informatico e non solo. <\/p>\n\n\n\n<p><strong>Progettisti e sviluppatori<\/strong> si preoccupano di realizzare ogni singolo prodotto 8byte. Grazie al Responsive Layout rendiamo i nostri prodotti omogeneamente visibili, su qualsiasi dispositivo, indipendentemente dal sistema che esso ospita. <\/p>\n\n\n\n<p><strong>Responsabili SEO e copywriter<\/strong> si occupano di gestire gli aspetti comunicativi dell&#8217;azienda, ma non solo, essi forniscono ai clienti la possibilit\u00e0 di farsi conoscere sul web grazie all&#8217;implementazione di strategie comunicative moderne e funzionali.<\/p>\n\n\n\n<p><strong>Centro di assistenza sempre attivo<\/strong>. Per qualsiasi dubbio, domanda o delucidazione \u00e8 attivo un servizio clienti di ottima qualit\u00e0. Un team di collaboratori specializzati si prender\u00e0 cura delle richieste degli utenti e provvedendo al miglioramento della customer experience. <\/p>\n\n\n\n<p><\/p>\n\n\n\n<blockquote class=\"wp-block-quote is-style-large is-layout-flow wp-block-quote-is-layout-flow\"><p><strong>Nel Software e nel Web<\/strong> le tue Idee che&nbsp;<strong>diventano Realt\u00e0<\/strong><\/p><\/blockquote>\n","protected":false},"excerpt":{"rendered":"<p>L&#8217;azienda Arkosoft \u00e8 stata acquisita dalla neonata software house 8byte di Stefano Basile. 8byte \u00e8 un&#8217;azienda specializzata nella progettazione e sviluppo di software che si<\/p>\n","protected":false},"author":17,"featured_media":20827,"parent":0,"menu_order":0,"comment_status":"closed","ping_status":"closed","template":"","meta":{"rop_custom_images_group":[],"rop_custom_messages_group":[],"rop_publish_now":"initial","rop_publish_now_accounts":{"twitter_3289630113_3289630113":"","facebook_10221729481456259_775370489244865":""},"rop_publish_now_history":[],"rop_publish_now_status":"pending","footnotes":""},"class_list":["post-20821","page","type-page","status-publish","has-post-thumbnail","hentry"],"_links":{"self":[{"href":"https:\/\/arkosoft.it\/blog\/wp-json\/wp\/v2\/pages\/20821","targetHints":{"allow":["GET"]}}],"collection":[{"href":"https:\/\/arkosoft.it\/blog\/wp-json\/wp\/v2\/pages"}],"about":[{"href":"https:\/\/arkosoft.it\/blog\/wp-json\/wp\/v2\/types\/page"}],"author":[{"embeddable":true,"href":"https:\/\/arkosoft.it\/blog\/wp-json\/wp\/v2\/users\/17"}],"replies":[{"embeddable":true,"href":"https:\/\/arkosoft.it\/blog\/wp-json\/wp\/v2\/comments?post=20821"}],"version-history":[{"count":4,"href":"https:\/\/arkosoft.it\/blog\/wp-json\/wp\/v2\/pages\/20821\/revisions"}],"predecessor-version":[{"id":20907,"href":"https:\/\/arkosoft.it\/blog\/wp-json\/wp\/v2\/pages\/20821\/revisions\/20907"}],"wp:featuredmedia":[{"embeddable":true,"href":"https:\/\/arkosoft.it\/blog\/wp-json\/wp\/v2\/media\/20827"}],"wp:attachment":[{"href":"https:\/\/arkosoft.it\/blog\/wp-json\/wp\/v2\/media?parent=20821"}],"curies":[{"name":"wp","href":"https:\/\/api.w.org\/{rel}","templated":true}]}}